{"id":1818,"date":"2020-05-08T14:44:44","date_gmt":"2020-05-08T14:44:44","guid":{"rendered":"https:\/\/yequim.com\/?page_id=1818"},"modified":"2020-05-08T14:50:50","modified_gmt":"2020-05-08T14:50:50","slug":"soluciones-volumetricas","status":"publish","type":"page","link":"https:\/\/yequim.com\/en\/soluciones-volumetricas\/","title":{"rendered":"Soluciones Volum\u00e9tricas"},"content":{"rendered":"<p><section id=\"bt_section69ec028253e58\"  class=\"boldSection btDivider topSemiSpaced bottomSemiSpaced btDarkSkin gutter inherit wBackground cover\" style=\"background-color:#0cb8b6;background-image:url('https:\/\/yequim.com\/wp-content\/uploads\/2015\/12\/bgn-grad.png');\"><div class=\"port\"><div class=\"boldCell\"><div class=\"boldCellInner\"><div class=\"boldRow\" ><div class=\"boldRowInner\"><div class=\"rowItem col-md-12 col-ms-12  btTextLeft animate animate-fadein animate-moveleft inherit\"  ><div class=\"rowItemContent\" ><div class=\"btClear btSeparator topExtraSmallSpaced noBorder\" ><hr><\/div><div class=\"btClear btSeparator topExtraSmallSpaced noBorder\" ><hr><\/div><header class=\"header btClear extralarge  btNormalDash\" ><div class=\"btSuperTitle\">Soluciones <\/div><div class=\"dash\"><h1><span class=\"headline\">Soluciones Volum\u00e9tricas<\/span><\/h1><\/div><\/header><\/div><\/div><\/div><\/div><\/div><\/div><\/div><\/section><section id=\"bt_section69ec028254392\"  class=\"boldSection topSpaced gutter inherit\" ><div class=\"port\"><div class=\"boldCell\"><div class=\"boldCellInner\"><div class=\"boldRow\" ><div class=\"boldRowInner\"><div class=\"rowItem col-md-12 col-ms-12  btTextLeft inherit\"  ><div class=\"rowItemContent\" ><div class=\"btGridContainer tiled btGridGap-1 btHasTitles\" ><div class=\"tilesWall btAjaxGrid tiled\" data-num=\"12\" data-tiles-title=\"yes\" data-grid-type=\"tiled\" data-post-type=\"post\" data-col=\"4\" data-cat-slug=\"soluciones volumetricas\" data-scroll-loading=\"yes\" data-format=\"\" data-related=\"\" data-sticky=\"yes\"><div class=\"gridSizer\"><\/div><\/div><div class=\"btLoader btLoaderGrid\"><\/div><div class=\"btNoMore btTextCenter topSmallSpaced bottomSmallSpaced\">No more posts<\/div><\/div><\/div><\/div><\/div><\/div><\/div><\/div><\/div><\/section><\/p>","protected":false},"excerpt":{"rendered":"","protected":false},"author":1,"featured_media":0,"parent":0,"menu_order":0,"comment_status":"closed","ping_status":"closed","template":"","meta":{"_joinchat":[],"footnotes":""},"class_list":["post-1818","page","type-page","status-publish","hentry"],"yoast_head":"<!-- This site is optimized with the Yoast SEO plugin v27.4 - https:\/\/yoast.com\/product\/yoast-seo-wordpress\/ -->\n<title>Soluciones Volum\u00e9tricas - productos qu\u00edmicos, reactivos anal\u00edticos, material para laboratorio y medios de cultivo.<\/title>\n<meta name=\"robots\" content=\"index, follow, max-snippet:-1, max-image-preview:large, max-video-preview:-1\" \/>\n<link rel=\"canonical\" href=\"https:\/\/yequim.com\/en\/soluciones-volumetricas\/\" \/>\n<meta property=\"og:locale\" content=\"en_US\" \/>\n<meta property=\"og:type\" content=\"article\" \/>\n<meta property=\"og:title\" content=\"Soluciones Volum\u00e9tricas - productos qu\u00edmicos, reactivos anal\u00edticos, material para laboratorio y medios de cultivo.\" \/>\n<meta property=\"og:url\" content=\"https:\/\/yequim.com\/en\/soluciones-volumetricas\/\" \/>\n<meta property=\"og:site_name\" content=\"productos qu\u00edmicos, reactivos anal\u00edticos, material para laboratorio y medios de cultivo.\" \/>\n<meta property=\"article:publisher\" content=\"https:\/\/www.facebook.com\/Yequim-SAS-112310417920658\" \/>\n<meta property=\"article:modified_time\" content=\"2020-05-08T14:50:50+00:00\" \/>\n<meta name=\"twitter:card\" content=\"summary_large_image\" \/>\n<meta name=\"twitter:label1\" content=\"Est. reading time\" \/>\n\t<meta name=\"twitter:data1\" content=\"1 minute\" \/>\n<script type=\"application\/ld+json\" class=\"yoast-schema-graph\">{\"@context\":\"https:\\\/\\\/schema.org\",\"@graph\":[{\"@type\":\"WebPage\",\"@id\":\"https:\\\/\\\/yequim.com\\\/en\\\/soluciones-volumetricas\\\/\",\"url\":\"https:\\\/\\\/yequim.com\\\/en\\\/soluciones-volumetricas\\\/\",\"name\":\"Soluciones Volum\u00e9tricas - productos qu\u00edmicos, reactivos anal\u00edticos, material para laboratorio y medios de cultivo.\",\"isPartOf\":{\"@id\":\"https:\\\/\\\/yequim.com\\\/#website\"},\"datePublished\":\"2020-05-08T14:44:44+00:00\",\"dateModified\":\"2020-05-08T14:50:50+00:00\",\"breadcrumb\":{\"@id\":\"https:\\\/\\\/yequim.com\\\/en\\\/soluciones-volumetricas\\\/#breadcrumb\"},\"inLanguage\":\"en-US\",\"potentialAction\":[{\"@type\":\"ReadAction\",\"target\":[\"https:\\\/\\\/yequim.com\\\/en\\\/soluciones-volumetricas\\\/\"]}]},{\"@type\":\"BreadcrumbList\",\"@id\":\"https:\\\/\\\/yequim.com\\\/en\\\/soluciones-volumetricas\\\/#breadcrumb\",\"itemListElement\":[{\"@type\":\"ListItem\",\"position\":1,\"name\":\"Inicio\",\"item\":\"https:\\\/\\\/yequim.com\\\/\"},{\"@type\":\"ListItem\",\"position\":2,\"name\":\"Soluciones Volum\u00e9tricas\"}]},{\"@type\":\"WebSite\",\"@id\":\"https:\\\/\\\/yequim.com\\\/#website\",\"url\":\"https:\\\/\\\/yequim.com\\\/\",\"name\":\"Reactivos Qu\u00edmicos, productos qu\u00edmicos, equipo para laboratorio\",\"description\":\"Yequim SAS, dedicado a la comercializaci\u00f3n de productos quimicos\",\"publisher\":{\"@id\":\"https:\\\/\\\/yequim.com\\\/#organization\"},\"alternateName\":\"Yequim\",\"potentialAction\":[{\"@type\":\"SearchAction\",\"target\":{\"@type\":\"EntryPoint\",\"urlTemplate\":\"https:\\\/\\\/yequim.com\\\/?s={search_term_string}\"},\"query-input\":{\"@type\":\"PropertyValueSpecification\",\"valueRequired\":true,\"valueName\":\"search_term_string\"}}],\"inLanguage\":\"en-US\"},{\"@type\":\"Organization\",\"@id\":\"https:\\\/\\\/yequim.com\\\/#organization\",\"name\":\"Yequim SAS\",\"url\":\"https:\\\/\\\/yequim.com\\\/\",\"logo\":{\"@type\":\"ImageObject\",\"inLanguage\":\"en-US\",\"@id\":\"https:\\\/\\\/yequim.com\\\/#\\\/schema\\\/logo\\\/image\\\/\",\"url\":\"https:\\\/\\\/yequim.com\\\/wp-content\\\/uploads\\\/2021\\\/12\\\/Logo-yequim.jpg\",\"contentUrl\":\"https:\\\/\\\/yequim.com\\\/wp-content\\\/uploads\\\/2021\\\/12\\\/Logo-yequim.jpg\",\"width\":1600,\"height\":760,\"caption\":\"Yequim SAS\"},\"image\":{\"@id\":\"https:\\\/\\\/yequim.com\\\/#\\\/schema\\\/logo\\\/image\\\/\"},\"sameAs\":[\"https:\\\/\\\/www.facebook.com\\\/Yequim-SAS-112310417920658\",\"https:\\\/\\\/www.instagram.com\\\/?hl=es-la\"]}]}<\/script>\n<!-- \/ Yoast SEO plugin. -->","yoast_head_json":{"title":"Soluciones Volum\u00e9tricas - productos qu\u00edmicos, reactivos anal\u00edticos, material para laboratorio y medios de cultivo.","robots":{"index":"index","follow":"follow","max-snippet":"max-snippet:-1","max-image-preview":"max-image-preview:large","max-video-preview":"max-video-preview:-1"},"canonical":"https:\/\/yequim.com\/en\/soluciones-volumetricas\/","og_locale":"en_US","og_type":"article","og_title":"Soluciones Volum\u00e9tricas - productos qu\u00edmicos, reactivos anal\u00edticos, material para laboratorio y medios de cultivo.","og_url":"https:\/\/yequim.com\/en\/soluciones-volumetricas\/","og_site_name":"productos qu\u00edmicos, reactivos anal\u00edticos, material para laboratorio y medios de cultivo.","article_publisher":"https:\/\/www.facebook.com\/Yequim-SAS-112310417920658","article_modified_time":"2020-05-08T14:50:50+00:00","twitter_card":"summary_large_image","twitter_misc":{"Est. reading time":"1 minute"},"schema":{"@context":"https:\/\/schema.org","@graph":[{"@type":"WebPage","@id":"https:\/\/yequim.com\/en\/soluciones-volumetricas\/","url":"https:\/\/yequim.com\/en\/soluciones-volumetricas\/","name":"Soluciones Volum\u00e9tricas - productos qu\u00edmicos, reactivos anal\u00edticos, material para laboratorio y medios de cultivo.","isPartOf":{"@id":"https:\/\/yequim.com\/#website"},"datePublished":"2020-05-08T14:44:44+00:00","dateModified":"2020-05-08T14:50:50+00:00","breadcrumb":{"@id":"https:\/\/yequim.com\/en\/soluciones-volumetricas\/#breadcrumb"},"inLanguage":"en-US","potentialAction":[{"@type":"ReadAction","target":["https:\/\/yequim.com\/en\/soluciones-volumetricas\/"]}]},{"@type":"BreadcrumbList","@id":"https:\/\/yequim.com\/en\/soluciones-volumetricas\/#breadcrumb","itemListElement":[{"@type":"ListItem","position":1,"name":"Inicio","item":"https:\/\/yequim.com\/"},{"@type":"ListItem","position":2,"name":"Soluciones Volum\u00e9tricas"}]},{"@type":"WebSite","@id":"https:\/\/yequim.com\/#website","url":"https:\/\/yequim.com\/","name":"Reactivos Qu\u00edmicos, productos qu\u00edmicos, equipo para laboratorio","description":"Yequim SAS, dedicado a la comercializaci\u00f3n de productos quimicos","publisher":{"@id":"https:\/\/yequim.com\/#organization"},"alternateName":"Yequim","potentialAction":[{"@type":"SearchAction","target":{"@type":"EntryPoint","urlTemplate":"https:\/\/yequim.com\/?s={search_term_string}"},"query-input":{"@type":"PropertyValueSpecification","valueRequired":true,"valueName":"search_term_string"}}],"inLanguage":"en-US"},{"@type":"Organization","@id":"https:\/\/yequim.com\/#organization","name":"Yequim SAS","url":"https:\/\/yequim.com\/","logo":{"@type":"ImageObject","inLanguage":"en-US","@id":"https:\/\/yequim.com\/#\/schema\/logo\/image\/","url":"https:\/\/yequim.com\/wp-content\/uploads\/2021\/12\/Logo-yequim.jpg","contentUrl":"https:\/\/yequim.com\/wp-content\/uploads\/2021\/12\/Logo-yequim.jpg","width":1600,"height":760,"caption":"Yequim SAS"},"image":{"@id":"https:\/\/yequim.com\/#\/schema\/logo\/image\/"},"sameAs":["https:\/\/www.facebook.com\/Yequim-SAS-112310417920658","https:\/\/www.instagram.com\/?hl=es-la"]}]}},"_links":{"self":[{"href":"https:\/\/yequim.com\/en\/wp-json\/wp\/v2\/pages\/1818","targetHints":{"allow":["GET"]}}],"collection":[{"href":"https:\/\/yequim.com\/en\/wp-json\/wp\/v2\/pages"}],"about":[{"href":"https:\/\/yequim.com\/en\/wp-json\/wp\/v2\/types\/page"}],"author":[{"embeddable":true,"href":"https:\/\/yequim.com\/en\/wp-json\/wp\/v2\/users\/1"}],"replies":[{"embeddable":true,"href":"https:\/\/yequim.com\/en\/wp-json\/wp\/v2\/comments?post=1818"}],"version-history":[{"count":0,"href":"https:\/\/yequim.com\/en\/wp-json\/wp\/v2\/pages\/1818\/revisions"}],"wp:attachment":[{"href":"https:\/\/yequim.com\/en\/wp-json\/wp\/v2\/media?parent=1818"}],"curies":[{"name":"wp","href":"https:\/\/api.w.org\/{rel}","templated":true}]}}