{"id":2065,"date":"2020-05-13T23:04:41","date_gmt":"2020-05-13T23:04:41","guid":{"rendered":"https:\/\/yequim.com\/?page_id=2065"},"modified":"2021-12-13T04:22:30","modified_gmt":"2021-12-13T04:22:30","slug":"servicio-y-soporte","status":"publish","type":"page","link":"https:\/\/yequim.com\/en\/servicio-y-soporte\/","title":{"rendered":"Servicio T\u00e9cnico"},"content":{"rendered":"<p><section id=\"bt_section69fa30f4a4389\"  class=\"boldSection btDivider topSemiSpaced bottomSemiSpaced btDarkSkin gutter inherit wBackground cover\" style=\"background-color:#0cb8b6;background-image:url('https:\/\/yequim.com\/wp-content\/uploads\/2015\/12\/bgn-grad.png');\"><div class=\"port\"><div class=\"boldCell\"><div class=\"boldCellInner\"><div class=\"boldRow\" ><div class=\"boldRowInner\"><div class=\"rowItem col-md-12 col-ms-12  btTextLeft animate animate-fadein animate-moveleft inherit\"  ><div class=\"rowItemContent\" ><div class=\"btClear btSeparator topExtraSmallSpaced noBorder\" ><hr><\/div><div class=\"btClear btSeparator topExtraSmallSpaced noBorder\" ><hr><\/div><header class=\"header btClear large  btNormalDash\" ><div class=\"btSuperTitle\">Compa\u00f1\u00eda &#8211; Servicios<\/div><div class=\"dash\"><h2><span class=\"headline\">SERVICIO Y SOPORTE T\u00c9CNICO<\/span><\/h2><\/div><\/header><\/div><\/div><\/div><\/div><\/div><\/div><\/div><\/section><section id=\"bt_section69fa30f4a48fd\"  class=\"boldSection topSpaced bottomSemiSpaced gutter inherit\" ><div class=\"port\"><div class=\"boldCell\"><div class=\"boldCellInner\"><div class=\"boldRow\" ><div class=\"boldRowInner\"><div class=\"rowItem col-md-4 col-ms-12 btTextLeft animate animate-fadein btTextIndent inherit\"  ><div class=\"rowItemContent\" ><div class=\"bpgPhoto btTextCenter\" > \r\n\t\t\t\t\t<a href=\"#\" target=\"_self\" title=\"\"><\/a>\r\n\t\t\t\t\t<div class=\"boldPhotoBox\"><div class=\"bpbItem\"><div class = \"btImage\"><img decoding=\"async\" src=\"https:\/\/yequim.com\/wp-content\/uploads\/2020\/05\/reparaci\u00f3n.png\" alt=\"\" title=\"\" ><\/div><\/div><\/div>\r\n\t\t\t\t\t<div class=\"captionPane\">\r\n\t\t\t\t\t\t<div class=\"captionTable\">\r\n\t\t\t\t\t\t\t<div class=\"captionCell\">\r\n\t\t\t\t\t\t\t\t<div class=\"captionTxt\"><\/div>\r\n\t\t\t\t\t\t\t<\/div>\r\n\t\t\t\t\t\t<\/div>\r\n\t\t\t\t\t<\/div><\/div><div class=\"btIconImageRow btIconsHalfHoverPosition\" ><span class=\"btIco btIcoFilledType btIcoBigSize btIcoAccentColor  btIcoOutline\" ><a href=\"#\"  target = \"no_target\" data-ico-s7=\"&#xe60a;\" class=\"btIcoHolder\"><em><\/em><\/a><\/span><\/div><div class=\"btClear btSeparator topExtraSmallSpaced noBorder\" ><hr><\/div><header class=\"header btClear medium  btNormalDash\" ><div class=\"btSuperTitle\">Reparaci\u00f3n de Equipos de Laboratorio<\/div><div class=\"dash\"><h3><span class=\"headline\">REPARACI\u00d3N<\/span><\/h3><\/div><\/header><div class=\"btClear btSeparator topExtraSmallSpaced noBorder\" ><hr><\/div><div class=\"btText\" ><\/p>\n<p>Reparaci\u00f3n de equipo t\u00e9cnico especializado para laboratorio, reparaci\u00f3n de microscopios, muflas, blanazas, equipos soxhlet, agitadores magn\u00e9ticos, calibraci\u00f3n de equipos, refacciones y repuestos.<\/p>\n<p>Contamos con un equipo de t\u00e9cnicos altamente capacitados y certificados dispuestos a ayudarlo en el momento que su laboratorio o su empresa lo requiera, realizamos calibraciones y reparaciones a domicilio o en nuestra planta.<\/p>\n<p>cont\u00e1ctenos ahora:<\/p>\n<p>Direcci\u00f3n: CARRERA 81B No. 8D \u2013 51<br \/>\nBarrio Valladolid \u2013 Bogot\u00e1, Colombia<\/p>\n<p>Tel\u00e9fonos: (57+1) 4025395<br \/>\n(+57) 310 8619563<\/p>\n<p>E-MAIL: yequim@hotmail.com<\/p>\n<p>Horario: Lun \u2013 Vie 7:00am \u2013 5:00pm<\/p>\n<p>\n<\/div><div class=\"btClear btSeparator topSmallSpaced noBorder\" ><hr><\/div><\/div><\/div><div class=\"rowItem col-md-4 col-ms-12 btTextLeft animate animate-fadein btTextIndent inherit\"  ><div class=\"rowItemContent\" ><div class=\"bpgPhoto btTextCenter\" > \r\n\t\t\t\t\t<a href=\"#\" target=\"_self\" title=\"\"><\/a>\r\n\t\t\t\t\t<div class=\"boldPhotoBox\"><div class=\"bpbItem\"><div class = \"btImage\"><img decoding=\"async\" src=\"https:\/\/yequim.com\/wp-content\/uploads\/2020\/05\/servicio-al-cliente.png\" alt=\"\" title=\"\" ><\/div><\/div><\/div>\r\n\t\t\t\t\t<div class=\"captionPane\">\r\n\t\t\t\t\t\t<div class=\"captionTable\">\r\n\t\t\t\t\t\t\t<div class=\"captionCell\">\r\n\t\t\t\t\t\t\t\t<div class=\"captionTxt\"><\/div>\r\n\t\t\t\t\t\t\t<\/div>\r\n\t\t\t\t\t\t<\/div>\r\n\t\t\t\t\t<\/div><\/div><div class=\"btIconImageRow btIconsHalfHoverPosition\" ><span class=\"btIco btIcoFilledType btIcoBigSize btIcoAccentColor  btIcoOutline\" ><a href=\"#\"  target = \"no_target\" data-ico-dg=\"&#xe902;\" class=\"btIcoHolder\"><em><\/em><\/a><\/span><\/div><div class=\"btClear btSeparator topExtraSmallSpaced noBorder\" ><hr><\/div><header class=\"header btClear medium  btNormalDash\" ><div class=\"btSuperTitle\">soporte en l\u00ednea<\/div><div class=\"dash\"><h3><span class=\"headline\">SOPORTE EN L\u00cdNEA<\/span><\/h3><\/div><\/header><div class=\"btClear btSeparator topExtraSmallSpaced noBorder\" ><hr><\/div><div class=\"btText\" ><\/p>\n<p>Nuestros asesores brindar\u00e1n soporte al cliente proporcionando informaci\u00f3n t\u00e9cnica y valiosa acerca de nuestros productos e insumos as\u00ed como tambi\u00e9n orientaci\u00f3n acerca del uso y especificaciones de todo nuestro cat\u00e1logo y redireccionando su solicitud al equipo especializado del cual usted solicite informaci\u00f3n.<\/p>\n<p>\n<\/div><div class=\"btClear btSeparator topSmallSpaced noBorder\" ><hr><\/div><\/div><\/div><div class=\"rowItem col-md-4 col-ms-12 btTextLeft animate animate-fadein btTextIndent inherit\"  ><div class=\"rowItemContent\" ><div class=\"bpgPhoto btTextCenter\" > \r\n\t\t\t\t\t<a href=\"#\" target=\"_self\" title=\"\"><\/a>\r\n\t\t\t\t\t<div class=\"boldPhotoBox\"><div class=\"bpbItem\"><div class = \"btImage\"><img decoding=\"async\" src=\"https:\/\/yequim.com\/wp-content\/uploads\/2020\/05\/mantenimiento.png\" alt=\"\" title=\"\" ><\/div><\/div><\/div>\r\n\t\t\t\t\t<div class=\"captionPane\">\r\n\t\t\t\t\t\t<div class=\"captionTable\">\r\n\t\t\t\t\t\t\t<div class=\"captionCell\">\r\n\t\t\t\t\t\t\t\t<div class=\"captionTxt\"><\/div>\r\n\t\t\t\t\t\t\t<\/div>\r\n\t\t\t\t\t\t<\/div>\r\n\t\t\t\t\t<\/div><\/div><div class=\"btIconImageRow btIconsHalfHoverPosition\" ><span class=\"btIco btIcoFilledType btIcoBigSize btIcoAccentColor  btIcoOutline\" ><a href=\"#\"  target = \"no_target\" data-ico-fa=\"&#xf085;\" class=\"btIcoHolder\"><em><\/em><\/a><\/span><\/div><div class=\"btClear btSeparator topExtraSmallSpaced noBorder\" ><hr><\/div><header class=\"header btClear medium  btNormalDash\" ><div class=\"btSuperTitle\">Manteniemiento soporte<\/div><div class=\"dash\"><h3><span class=\"headline\">MANTENIMIENTO PREVENTIVO<\/span><\/h3><\/div><\/header><div class=\"btClear btSeparator topExtraSmallSpaced noBorder\" ><hr><\/div><div class=\"btText\" ><\/p>\n<p>Debido a la importancia del mantenimiento preventivo\u00a0 en la prolongaci\u00f3n de la vida \u00fatil de los equipos.\u00a0 Equipos y Laboratorio de Colombia ha determinado algunos\u00a0 pasos generales que debe poseer una rutina de mantenimiento. Su aplicabilidad es determinada por las caracter\u00edsticas espec\u00edficas de cada equipo. Estos pasos son:<\/p>\n<p>1. Inspecci\u00f3n de condiciones ambientales.<br \/>\n2. Limpieza integral externa.<br \/>\n3. Inspecci\u00f3n externa del equipo.<br \/>\n4. Limpieza integral interna.<br \/>\n5. Inspecci\u00f3n interna.<br \/>\n6. Lubricaci\u00f3n.<br \/>\n7. Reemplazo de partes defectuosas.<br \/>\n8. Revisi\u00f3n de seguridad el\u00e9ctrica.<br \/>\n9. Pruebas funcionales completas.<br \/>\n10. Ajuste y calibraci\u00f3n.<\/p>\n<p>\n<\/div><div class=\"btClear btSeparator topSmallSpaced noBorder\" ><hr><\/div><\/div><\/div><\/div><\/div><\/div><\/div><\/div><\/section><section id=\"bt_section69fa30f4a691e\"  class=\"boldSection topSpaced bottomSpaced btDarkSkin gutter inherit wBackground cover btAccentColorBackground\" style=\"background-image:url('https:\/\/yequim.com\/wp-content\/uploads\/2015\/12\/bgn-grad.png');\"><div class=\"port\"><div class=\"boldCell\"><div class=\"boldCellInner\"><div class=\"boldRow\" ><div class=\"boldRowInner\"><div class=\"rowItem col-md-12 col-ms-12  btTextLeft animate animate-fadein inherit\"  ><div class=\"rowItemContent\" ><header class=\"header btClear large btDash topDash  btNormalDash\" ><div class=\"btSuperTitle\">Soporte Online<\/div><div class=\"dash\"><h2><span class=\"headline\">ESCR\u00cdBENOS A NUESTRO CHAT!<\/span><\/h2><\/div><\/header><div class=\"btClear btSeparator topSmallSpaced noBorder\" ><hr><\/div><\/div><\/div><\/div><\/div><div class=\"boldRow\" ><div class=\"boldRowInner\"><div class=\"rowItem col-md-4 col-ms-12 btTextLeft animate animate-fadein inherit\"  ><div class=\"rowItemContent\" ><div class=\"btIconImageRow\" ><span class=\"btIco btIcoDefaultType btIcoMediumSize btIcoDefaultColor\" ><span  data-ico-tw=\"&#xe92b;\" class=\"btIcoHolder\"><em><\/em><\/span><\/span><\/div><div class=\"btClear btSeparator bottomSmallSpaced noBorder\" ><hr><\/div><header class=\"header btClear medium  btNormalDash\" ><div class=\"btSuperTitle\">Chat Online<\/div><div class=\"dash\"><h3><span class=\"headline\">SOPORTE ONLINE <\/span><\/h3><\/div><\/header><div class=\"btClear btSeparator bottomExtraSmallSpaced noBorder\" ><hr><\/div><div class=\"btText\" ><\/p>\n<p>Nuestros asesores brindar\u00e1n soporte virtual online a trav\u00e9s de nuestro chat , sobre temas relacionados con datos t\u00e9cnicos de nuestros equipos y productos as\u00ed como solicitudes de cotizaciones,\u00a0 pedidos y fechas de entrega.<\/p>\n<p>\n<\/div><\/div><\/div><div class=\"rowItem col-md-4 col-ms-12 btTextLeft animate animate-fadein inherit\"  ><div class=\"rowItemContent\" ><div class=\"btIconImageRow\" ><span class=\"btIco btIcoDefaultType btIcoMediumSize btIcoDefaultColor\" ><span  data-ico-fa=\"&#xf0e0;\" class=\"btIcoHolder\"><em><\/em><\/span><\/span><\/div><div class=\"btClear btSeparator bottomSmallSpaced noBorder\" ><hr><\/div><header class=\"header btClear medium  btNormalDash\" ><div class=\"btSuperTitle\">Bolet\u00edn Informativo<\/div><div class=\"dash\"><h3><span class=\"headline\">SUSCR\u00cdBETE!<\/span><\/h3><\/div><\/header><div class=\"btClear btSeparator bottomExtraSmallSpaced noBorder\" ><hr><\/div><div class=\"btText\" ><\/p>\n<p>Suscr\u00edbase a nuestro bolet\u00edn informativo virtual y reciba notificaciones\u00a0 de los productos m\u00e1s recientes y descuentos especiales en productos y equipos seleccionados<\/p>\n<p>\n<\/div><\/div><\/div><div class=\"rowItem col-md-4 col-ms-12 btTextLeft animate animate-fadein inherit\"  ><div class=\"rowItemContent\" ><div class=\"btIconImageRow\" ><span class=\"btIco btIcoDefaultType btIcoMediumSize btIcoDefaultColor\" ><span  data-ico-fa=\"&#xf0ed;\" class=\"btIcoHolder\"><em><\/em><\/span><\/span><\/div><div class=\"btClear btSeparator bottomSmallSpaced noBorder\" ><hr><\/div><header class=\"header btClear medium  btNormalDash\" ><div class=\"btSuperTitle\">Descargas<\/div><div class=\"dash\"><h3><span class=\"headline\">Base de Conocimiento<\/span><\/h3><\/div><\/header><div class=\"btClear btSeparator bottomExtraSmallSpaced noBorder\" ><hr><\/div><div class=\"btText\" ><\/p>\n<p>En nuestro sitio podr\u00e1 encontrar diferentes fichas t\u00e9cnicas de nuestros productos, as\u00ed como tambi\u00e9n cat\u00e1logos especializados de nuestros equipos.<\/p>\n<p>\n<\/div><\/div><\/div><\/div><\/div><\/div><\/div><\/div><\/section><section id=\"bt_section69fa30f4a7c67\"  class=\"boldSection topSemiSpaced bottomSpaced gutter inherit wBackground cover\" style=\"background-image:url('https:\/\/yequim.com\/wp-content\/uploads\/2020\/05\/bg_servicios.png');\"><div class=\"port\"><div class=\"boldCell\"><div class=\"boldCellInner\"><div class=\"boldRow\" ><div class=\"boldRowInner\"><div class=\"rowItem col-md-4 col-ms-12 btTextLeft inherit btDoublePadding\" style=\"background-color: rgba(255, 255, 255, 1);\" ><div class=\"rowItemContent\" ><div class=\"btText\" ><p class=\"wpcf7-contact-form-not-found\"><strong>Error:<\/strong> Contact form not found.<\/p><\/div><\/div><\/div><div class=\"rowItem col-md-8 col-ms-12 btTextLeft\"  ><div class=\"rowItemContent\" ><iframe loading=\"lazy\" src=\"https:\/\/www.google.com\/maps\/embed?pb=!1m14!1m8!1m3!1d15905.609162699266!2d-74.0973918!3d4.6999674!3m2!1i1024!2i768!4f13.1!3m3!1m2!1s0x0%3A0xced2b94a480f0f7b!2sYEQUIM%20LTDA!5e0!3m2!1ses!2sco!4v1589411780425!5m2!1ses!2sco\" width=\"100%\" height=\"600\" frameborder=\"0\" style=\"border:0;\" allowfullscreen=\"\" aria-hidden=\"false\" tabindex=\"0\"><\/iframe><\/div><\/div><\/div><\/div><\/div><\/div><\/div><\/section><\/p>","protected":false},"excerpt":{"rendered":"","protected":false},"author":1,"featured_media":0,"parent":0,"menu_order":0,"comment_status":"closed","ping_status":"closed","template":"","meta":{"_joinchat":[],"footnotes":""},"class_list":["post-2065","page","type-page","status-publish","hentry"],"yoast_head":"<!-- This site is optimized with the Yoast SEO plugin v27.5 - https:\/\/yoast.com\/product\/yoast-seo-wordpress\/ -->\n<title>Servicio T\u00e9cnico - productos qu\u00edmicos, reactivos anal\u00edticos, material para laboratorio y medios de cultivo.<\/title>\n<meta name=\"robots\" content=\"index, follow, max-snippet:-1, max-image-preview:large, max-video-preview:-1\" \/>\n<link rel=\"canonical\" href=\"https:\/\/yequim.com\/en\/servicio-y-soporte\/\" \/>\n<meta property=\"og:locale\" content=\"en_US\" \/>\n<meta property=\"og:type\" content=\"article\" \/>\n<meta property=\"og:title\" content=\"Servicio T\u00e9cnico - productos qu\u00edmicos, reactivos anal\u00edticos, material para laboratorio y medios de cultivo.\" \/>\n<meta property=\"og:url\" content=\"https:\/\/yequim.com\/en\/servicio-y-soporte\/\" \/>\n<meta property=\"og:site_name\" content=\"productos qu\u00edmicos, reactivos anal\u00edticos, material para laboratorio y medios de cultivo.\" \/>\n<meta property=\"article:publisher\" content=\"https:\/\/www.facebook.com\/Yequim-SAS-112310417920658\" \/>\n<meta property=\"article:modified_time\" content=\"2021-12-13T04:22:30+00:00\" \/>\n<meta name=\"twitter:card\" content=\"summary_large_image\" \/>\n<meta name=\"twitter:label1\" content=\"Est. reading time\" \/>\n\t<meta name=\"twitter:data1\" content=\"9 minutes\" \/>\n<script type=\"application\/ld+json\" class=\"yoast-schema-graph\">{\"@context\":\"https:\\\/\\\/schema.org\",\"@graph\":[{\"@type\":\"WebPage\",\"@id\":\"https:\\\/\\\/yequim.com\\\/servicio-y-soporte\\\/\",\"url\":\"https:\\\/\\\/yequim.com\\\/servicio-y-soporte\\\/\",\"name\":\"Servicio T\u00e9cnico - productos qu\u00edmicos, reactivos anal\u00edticos, material para laboratorio y medios de cultivo.\",\"isPartOf\":{\"@id\":\"https:\\\/\\\/yequim.com\\\/#website\"},\"datePublished\":\"2020-05-13T23:04:41+00:00\",\"dateModified\":\"2021-12-13T04:22:30+00:00\",\"breadcrumb\":{\"@id\":\"https:\\\/\\\/yequim.com\\\/servicio-y-soporte\\\/#breadcrumb\"},\"inLanguage\":\"en-US\",\"potentialAction\":[{\"@type\":\"ReadAction\",\"target\":[\"https:\\\/\\\/yequim.com\\\/servicio-y-soporte\\\/\"]}]},{\"@type\":\"BreadcrumbList\",\"@id\":\"https:\\\/\\\/yequim.com\\\/servicio-y-soporte\\\/#breadcrumb\",\"itemListElement\":[{\"@type\":\"ListItem\",\"position\":1,\"name\":\"Inicio\",\"item\":\"https:\\\/\\\/yequim.com\\\/\"},{\"@type\":\"ListItem\",\"position\":2,\"name\":\"Servicio T\u00e9cnico\"}]},{\"@type\":\"WebSite\",\"@id\":\"https:\\\/\\\/yequim.com\\\/#website\",\"url\":\"https:\\\/\\\/yequim.com\\\/\",\"name\":\"Reactivos Qu\u00edmicos, productos qu\u00edmicos, equipo para laboratorio\",\"description\":\"Yequim SAS, dedicado a la comercializaci\u00f3n de productos quimicos\",\"publisher\":{\"@id\":\"https:\\\/\\\/yequim.com\\\/#organization\"},\"alternateName\":\"Yequim\",\"potentialAction\":[{\"@type\":\"SearchAction\",\"target\":{\"@type\":\"EntryPoint\",\"urlTemplate\":\"https:\\\/\\\/yequim.com\\\/?s={search_term_string}\"},\"query-input\":{\"@type\":\"PropertyValueSpecification\",\"valueRequired\":true,\"valueName\":\"search_term_string\"}}],\"inLanguage\":\"en-US\"},{\"@type\":\"Organization\",\"@id\":\"https:\\\/\\\/yequim.com\\\/#organization\",\"name\":\"Yequim SAS\",\"url\":\"https:\\\/\\\/yequim.com\\\/\",\"logo\":{\"@type\":\"ImageObject\",\"inLanguage\":\"en-US\",\"@id\":\"https:\\\/\\\/yequim.com\\\/#\\\/schema\\\/logo\\\/image\\\/\",\"url\":\"https:\\\/\\\/yequim.com\\\/wp-content\\\/uploads\\\/2021\\\/12\\\/Logo-yequim.jpg\",\"contentUrl\":\"https:\\\/\\\/yequim.com\\\/wp-content\\\/uploads\\\/2021\\\/12\\\/Logo-yequim.jpg\",\"width\":1600,\"height\":760,\"caption\":\"Yequim SAS\"},\"image\":{\"@id\":\"https:\\\/\\\/yequim.com\\\/#\\\/schema\\\/logo\\\/image\\\/\"},\"sameAs\":[\"https:\\\/\\\/www.facebook.com\\\/Yequim-SAS-112310417920658\",\"https:\\\/\\\/www.instagram.com\\\/?hl=es-la\"]}]}<\/script>\n<!-- \/ Yoast SEO plugin. -->","yoast_head_json":{"title":"Servicio T\u00e9cnico - productos qu\u00edmicos, reactivos anal\u00edticos, material para laboratorio y medios de cultivo.","robots":{"index":"index","follow":"follow","max-snippet":"max-snippet:-1","max-image-preview":"max-image-preview:large","max-video-preview":"max-video-preview:-1"},"canonical":"https:\/\/yequim.com\/en\/servicio-y-soporte\/","og_locale":"en_US","og_type":"article","og_title":"Servicio T\u00e9cnico - productos qu\u00edmicos, reactivos anal\u00edticos, material para laboratorio y medios de cultivo.","og_url":"https:\/\/yequim.com\/en\/servicio-y-soporte\/","og_site_name":"productos qu\u00edmicos, reactivos anal\u00edticos, material para laboratorio y medios de cultivo.","article_publisher":"https:\/\/www.facebook.com\/Yequim-SAS-112310417920658","article_modified_time":"2021-12-13T04:22:30+00:00","twitter_card":"summary_large_image","twitter_misc":{"Est. reading time":"9 minutes"},"schema":{"@context":"https:\/\/schema.org","@graph":[{"@type":"WebPage","@id":"https:\/\/yequim.com\/servicio-y-soporte\/","url":"https:\/\/yequim.com\/servicio-y-soporte\/","name":"Servicio T\u00e9cnico - productos qu\u00edmicos, reactivos anal\u00edticos, material para laboratorio y medios de cultivo.","isPartOf":{"@id":"https:\/\/yequim.com\/#website"},"datePublished":"2020-05-13T23:04:41+00:00","dateModified":"2021-12-13T04:22:30+00:00","breadcrumb":{"@id":"https:\/\/yequim.com\/servicio-y-soporte\/#breadcrumb"},"inLanguage":"en-US","potentialAction":[{"@type":"ReadAction","target":["https:\/\/yequim.com\/servicio-y-soporte\/"]}]},{"@type":"BreadcrumbList","@id":"https:\/\/yequim.com\/servicio-y-soporte\/#breadcrumb","itemListElement":[{"@type":"ListItem","position":1,"name":"Inicio","item":"https:\/\/yequim.com\/"},{"@type":"ListItem","position":2,"name":"Servicio T\u00e9cnico"}]},{"@type":"WebSite","@id":"https:\/\/yequim.com\/#website","url":"https:\/\/yequim.com\/","name":"Reactivos Qu\u00edmicos, productos qu\u00edmicos, equipo para laboratorio","description":"Yequim SAS, dedicado a la comercializaci\u00f3n de productos quimicos","publisher":{"@id":"https:\/\/yequim.com\/#organization"},"alternateName":"Yequim","potentialAction":[{"@type":"SearchAction","target":{"@type":"EntryPoint","urlTemplate":"https:\/\/yequim.com\/?s={search_term_string}"},"query-input":{"@type":"PropertyValueSpecification","valueRequired":true,"valueName":"search_term_string"}}],"inLanguage":"en-US"},{"@type":"Organization","@id":"https:\/\/yequim.com\/#organization","name":"Yequim SAS","url":"https:\/\/yequim.com\/","logo":{"@type":"ImageObject","inLanguage":"en-US","@id":"https:\/\/yequim.com\/#\/schema\/logo\/image\/","url":"https:\/\/yequim.com\/wp-content\/uploads\/2021\/12\/Logo-yequim.jpg","contentUrl":"https:\/\/yequim.com\/wp-content\/uploads\/2021\/12\/Logo-yequim.jpg","width":1600,"height":760,"caption":"Yequim SAS"},"image":{"@id":"https:\/\/yequim.com\/#\/schema\/logo\/image\/"},"sameAs":["https:\/\/www.facebook.com\/Yequim-SAS-112310417920658","https:\/\/www.instagram.com\/?hl=es-la"]}]}},"_links":{"self":[{"href":"https:\/\/yequim.com\/en\/wp-json\/wp\/v2\/pages\/2065","targetHints":{"allow":["GET"]}}],"collection":[{"href":"https:\/\/yequim.com\/en\/wp-json\/wp\/v2\/pages"}],"about":[{"href":"https:\/\/yequim.com\/en\/wp-json\/wp\/v2\/types\/page"}],"author":[{"embeddable":true,"href":"https:\/\/yequim.com\/en\/wp-json\/wp\/v2\/users\/1"}],"replies":[{"embeddable":true,"href":"https:\/\/yequim.com\/en\/wp-json\/wp\/v2\/comments?post=2065"}],"version-history":[{"count":0,"href":"https:\/\/yequim.com\/en\/wp-json\/wp\/v2\/pages\/2065\/revisions"}],"wp:attachment":[{"href":"https:\/\/yequim.com\/en\/wp-json\/wp\/v2\/media?parent=2065"}],"curies":[{"name":"wp","href":"https:\/\/api.w.org\/{rel}","templated":true}]}}