{"id":300,"date":"2015-12-02T09:19:41","date_gmt":"2015-12-02T09:19:41","guid":{"rendered":"http:\/\/medical.omnicom-dev.com\/clinic\/?page_id=300"},"modified":"2022-02-20T00:53:11","modified_gmt":"2022-02-20T00:53:11","slug":"contacto","status":"publish","type":"page","link":"https:\/\/yequim.com\/en\/nosotros\/contacto\/","title":{"rendered":"Contact"},"content":{"rendered":"<p><section id=\"bt_section69ec05104fcd6\"  class=\"boldSection btDivider topSemiSpaced bottomSemiSpaced btDarkSkin gutter inherit wBackground cover\" style=\"background-color:#0cb8b6;background-image:url('https:\/\/yequim.com\/wp-content\/uploads\/2015\/12\/bgn-grad.png');\"><div class=\"port\"><div class=\"boldCell\"><div class=\"boldCellInner\"><div class=\"boldRow\" ><div class=\"boldRowInner\"><div class=\"rowItem col-md-12 col-ms-12  btTextLeft animate animate-fadein animate-moveleft inherit\"  ><div class=\"rowItemContent\" ><div class=\"btClear btSeparator topExtraSmallSpaced noBorder\" ><hr><\/div><div class=\"btClear btSeparator topExtraSmallSpaced noBorder\" ><hr><\/div><header class=\"header btClear large  btNormalDash\" ><div class=\"btSuperTitle\">Compa\u00f1\u00eda<\/div><div class=\"dash\"><h2><span class=\"headline\">CONTACTO<\/span><\/h2><\/div><\/header><\/div><\/div><\/div><\/div><\/div><\/div><\/div><\/section><section id=\"bt_section69ec05105025f\"  class=\"boldSection topSpaced bottomSpaced gutter inherit\" ><div class=\"port\"><div class=\"boldCell\"><div class=\"boldCellInner\"><div class=\"boldRow\" ><div class=\"boldRowInner\"><div class=\"rowItem col-md-12 col-ms-12  btTextLeft animate animate-fadein animate-moveleft inherit\"  ><div class=\"rowItemContent\" ><header class=\"header btClear large btDash topDash  btAccentDash\" ><div class=\"btSuperTitle\">Contactenos<\/div><div class=\"dash\"><h2><span class=\"headline\">Env\u00ede su Solicitud<\/span><\/h2><\/div><\/header><div class=\"btClear btSeparator bottomSemiSpaced noBorder\" ><hr><\/div><\/div><\/div><\/div><\/div><div class=\"boldRow\" ><div class=\"boldRowInner\"><div class=\"rowItem col-md-8 col-ms-12 btTextLeft\"  ><div class=\"rowItemContent\" ><div class=\"btText\" ><\/p>\n<p><iframe loading=\"lazy\" src=\"https:\/\/docs.google.com\/forms\/d\/e\/1FAIpQLSd-wcid-muddZ6DfNmYlPwQPcLoAE6wQbcUl3citMvzcQ4UWg\/viewform?embedded=true\" width=\"640\" height=\"1082\" frameborder=\"0\" marginwidth=\"0\" marginheight=\"0\">Cargando\u2026<\/iframe><\/p>\n<p>\n<\/div><\/div><\/div><div class=\"rowItem col-md-4 col-ms-12 btTextLeft animate animate-fadein inherit btDoublePadding\"  ><div class=\"rowItemContent\" ><div class=\"servicesItem  btIcoAccentColorIcon btIcoMediumSizeIcon\"><div class=\"sIcon\"><span class=\"btIco btIcoMediumSize btIcoDefaultType btIcoAccentColor\" ><span  data-ico-s7=\"&#xe638;\" class=\"btIcoHolder\"><em><\/em><\/span><\/span><\/div><div class=\"sTxt\"><header class=\"header btClear small\" ><div class=\"dash\"><h4><span class=\"headline\">Direcci\u00f3n<\/span><\/h4><\/div><\/header><p>CARRERA 81B No. 8D &#8211;  51<br\/>Barrio Valladolid &#8211; Bogot\u00e1, Colombia<\/p><\/div><\/div><div class=\"btClear btSeparator bottomSmallSpaced noBorder\" ><hr><\/div><div class=\"servicesItem  btIcoAccentColorIcon btIcoMediumSizeIcon\"><div class=\"sIcon\"><span class=\"btIco btIcoMediumSize btIcoDefaultType btIcoAccentColor\" ><span  data-ico-s7=\"&#xe670;\" class=\"btIcoHolder\"><em><\/em><\/span><\/span><\/div><div class=\"sTxt\"><header class=\"header btClear small\" ><div class=\"dash\"><h4><span class=\"headline\">Tel\u00e9fono<\/span><\/h4><\/div><\/header><p>PBX (60+1) 4025395 \/ 4024141  \/ 4025040 <br\/>(+57)  321 2035073<br\/>(+57) 312 3947439 <br\/>(+57) 310 8619563<\/p><\/div><\/div><div class=\"btClear btSeparator bottomSemiSpaced noBorder\" ><hr><\/div><div class=\"servicesItem  btIcoAccentColorIcon btIcoMediumSizeIcon\"><div class=\"sIcon\"><span class=\"btIco btIcoMediumSize btIcoDefaultType btIcoAccentColor\" ><span  data-ico-s7=\"&#xe63a;\" class=\"btIcoHolder\"><em><\/em><\/span><\/span><\/div><div class=\"sTxt\"><header class=\"header btClear small\" ><div class=\"dash\"><h4><span class=\"headline\">E-MAIL<\/span><\/h4><\/div><\/header><p>yequim@hotmail.com<\/p><\/div><\/div><div class=\"btClear btSeparator bottomSemiSpaced noBorder\" ><hr><\/div><div class=\"servicesItem  btIcoAccentColorIcon btIcoMediumSizeIcon\"><div class=\"sIcon\"><span class=\"btIco btIcoMediumSize btIcoDefaultType btIcoAccentColor\" ><span  data-ico-s7=\"&#xe66b;\" class=\"btIcoHolder\"><em><\/em><\/span><\/span><\/div><div class=\"sTxt\"><header class=\"header btClear small\" ><div class=\"dash\"><h4><span class=\"headline\">Horario<\/span><\/h4><\/div><\/header><p>Lun &#8211; Vie 7:00am &#8211; 5:00pm<\/p><\/div><\/div><\/div><\/div><\/div><\/div><\/div><\/div><\/div><\/section><section id=\"bt_section69ec051050f6f\"  class=\"boldSection btDarkSkin inherit\" ><div class=\"port\"><div class=\"boldCell\"><div class=\"boldCellInner\"><div class=\"boldRow\" ><div class=\"boldRowInner\"><div class=\"rowItem col-md-12 col-ms-12  btTextLeft btMiddleVertical btDoublePadding map-container-google-1\" style=\".map-container{ overflow:hidden; padding-bottom:56.25%; position:relative; height:0; } .map-container iframe{ left:0; top:0; height:100%; width:100%; position:absolute; }\" ><div class=\"rowItemContent\" ><div class=\"btClear btSeparator bottomSemiSpaced noBorder\" ><hr><\/div><div id=\"map-container-google-1\" class=\"z-depth-1-half map-container\" style=\"height: 900px\">\n  <iframe loading=\"lazy\" src=\"https:\/\/www.google.com\/maps\/embed?pb=!1m18!1m12!1m3!1d994.1005707624261!2d-74.09793897082629!3d4.699968736382059!2m3!1f0!2f0!3f0!3m2!1i1024!2i768!4f13.1!3m3!1m2!1s0x8e3f9b36f8d51115%3A0xced2b94a480f0f7b!2sYEQUIM%20LTDA!5e0!3m2!1ses!2sco!4v1589383860661!5m2!1ses!2sco\" width=\"100%\" height=\"900\" frameborder=\"0\" style=\"border:0;\" allowfullscreen=\"\" aria-hidden=\"false\" tabindex=\"0\"><\/iframe>\n<\/div><div class=\"btClear btSeparator bottomSemiSpaced noBorder\" ><hr><\/div><\/div><\/div><\/div><\/div><\/div><\/div><\/div><\/section><\/p>","protected":false},"excerpt":{"rendered":"","protected":false},"author":2,"featured_media":0,"parent":6,"menu_order":0,"comment_status":"closed","ping_status":"closed","template":"","meta":{"_joinchat":[],"footnotes":""},"class_list":["post-300","page","type-page","status-publish","hentry"],"yoast_head":"<!-- This site is optimized with the Yoast SEO plugin v27.4 - https:\/\/yoast.com\/product\/yoast-seo-wordpress\/ -->\n<title>Contacto - productos qu\u00edmicos, reactivos anal\u00edticos, material para laboratorio y medios de cultivo.<\/title>\n<meta name=\"robots\" content=\"index, follow, max-snippet:-1, max-image-preview:large, max-video-preview:-1\" \/>\n<link rel=\"canonical\" href=\"https:\/\/yequim.com\/en\/nosotros\/contacto\/\" \/>\n<meta property=\"og:locale\" content=\"en_US\" \/>\n<meta property=\"og:type\" content=\"article\" \/>\n<meta property=\"og:title\" content=\"Contacto - productos qu\u00edmicos, reactivos anal\u00edticos, material para laboratorio y medios de cultivo.\" \/>\n<meta property=\"og:url\" content=\"https:\/\/yequim.com\/en\/nosotros\/contacto\/\" \/>\n<meta property=\"og:site_name\" content=\"productos qu\u00edmicos, reactivos anal\u00edticos, material para laboratorio y medios de cultivo.\" \/>\n<meta property=\"article:publisher\" content=\"https:\/\/www.facebook.com\/Yequim-SAS-112310417920658\" \/>\n<meta property=\"article:modified_time\" content=\"2022-02-20T00:53:11+00:00\" \/>\n<meta name=\"twitter:card\" content=\"summary_large_image\" \/>\n<meta name=\"twitter:label1\" content=\"Est. reading time\" \/>\n\t<meta name=\"twitter:data1\" content=\"4 minutes\" \/>\n<script type=\"application\/ld+json\" class=\"yoast-schema-graph\">{\"@context\":\"https:\\\/\\\/schema.org\",\"@graph\":[{\"@type\":\"WebPage\",\"@id\":\"https:\\\/\\\/yequim.com\\\/nosotros\\\/contacto\\\/\",\"url\":\"https:\\\/\\\/yequim.com\\\/nosotros\\\/contacto\\\/\",\"name\":\"Contacto - productos qu\u00edmicos, reactivos anal\u00edticos, material para laboratorio y medios de cultivo.\",\"isPartOf\":{\"@id\":\"https:\\\/\\\/yequim.com\\\/#website\"},\"datePublished\":\"2015-12-02T09:19:41+00:00\",\"dateModified\":\"2022-02-20T00:53:11+00:00\",\"breadcrumb\":{\"@id\":\"https:\\\/\\\/yequim.com\\\/nosotros\\\/contacto\\\/#breadcrumb\"},\"inLanguage\":\"en-US\",\"potentialAction\":[{\"@type\":\"ReadAction\",\"target\":[\"https:\\\/\\\/yequim.com\\\/nosotros\\\/contacto\\\/\"]}]},{\"@type\":\"BreadcrumbList\",\"@id\":\"https:\\\/\\\/yequim.com\\\/nosotros\\\/contacto\\\/#breadcrumb\",\"itemListElement\":[{\"@type\":\"ListItem\",\"position\":1,\"name\":\"Inicio\",\"item\":\"https:\\\/\\\/yequim.com\\\/\"},{\"@type\":\"ListItem\",\"position\":2,\"name\":\"Compa\u00f1\u00eda\",\"item\":\"https:\\\/\\\/yequim.com\\\/nosotros\\\/\"},{\"@type\":\"ListItem\",\"position\":3,\"name\":\"Contacto\"}]},{\"@type\":\"WebSite\",\"@id\":\"https:\\\/\\\/yequim.com\\\/#website\",\"url\":\"https:\\\/\\\/yequim.com\\\/\",\"name\":\"Reactivos Qu\u00edmicos, productos qu\u00edmicos, equipo para laboratorio\",\"description\":\"Yequim SAS, dedicado a la comercializaci\u00f3n de productos quimicos\",\"publisher\":{\"@id\":\"https:\\\/\\\/yequim.com\\\/#organization\"},\"alternateName\":\"Yequim\",\"potentialAction\":[{\"@type\":\"SearchAction\",\"target\":{\"@type\":\"EntryPoint\",\"urlTemplate\":\"https:\\\/\\\/yequim.com\\\/?s={search_term_string}\"},\"query-input\":{\"@type\":\"PropertyValueSpecification\",\"valueRequired\":true,\"valueName\":\"search_term_string\"}}],\"inLanguage\":\"en-US\"},{\"@type\":\"Organization\",\"@id\":\"https:\\\/\\\/yequim.com\\\/#organization\",\"name\":\"Yequim SAS\",\"url\":\"https:\\\/\\\/yequim.com\\\/\",\"logo\":{\"@type\":\"ImageObject\",\"inLanguage\":\"en-US\",\"@id\":\"https:\\\/\\\/yequim.com\\\/#\\\/schema\\\/logo\\\/image\\\/\",\"url\":\"https:\\\/\\\/yequim.com\\\/wp-content\\\/uploads\\\/2021\\\/12\\\/Logo-yequim.jpg\",\"contentUrl\":\"https:\\\/\\\/yequim.com\\\/wp-content\\\/uploads\\\/2021\\\/12\\\/Logo-yequim.jpg\",\"width\":1600,\"height\":760,\"caption\":\"Yequim SAS\"},\"image\":{\"@id\":\"https:\\\/\\\/yequim.com\\\/#\\\/schema\\\/logo\\\/image\\\/\"},\"sameAs\":[\"https:\\\/\\\/www.facebook.com\\\/Yequim-SAS-112310417920658\",\"https:\\\/\\\/www.instagram.com\\\/?hl=es-la\"]}]}<\/script>\n<!-- \/ Yoast SEO plugin. -->","yoast_head_json":{"title":"Contacto - productos qu\u00edmicos, reactivos anal\u00edticos, material para laboratorio y medios de cultivo.","robots":{"index":"index","follow":"follow","max-snippet":"max-snippet:-1","max-image-preview":"max-image-preview:large","max-video-preview":"max-video-preview:-1"},"canonical":"https:\/\/yequim.com\/en\/nosotros\/contacto\/","og_locale":"en_US","og_type":"article","og_title":"Contacto - productos qu\u00edmicos, reactivos anal\u00edticos, material para laboratorio y medios de cultivo.","og_url":"https:\/\/yequim.com\/en\/nosotros\/contacto\/","og_site_name":"productos qu\u00edmicos, reactivos anal\u00edticos, material para laboratorio y medios de cultivo.","article_publisher":"https:\/\/www.facebook.com\/Yequim-SAS-112310417920658","article_modified_time":"2022-02-20T00:53:11+00:00","twitter_card":"summary_large_image","twitter_misc":{"Est. reading time":"4 minutes"},"schema":{"@context":"https:\/\/schema.org","@graph":[{"@type":"WebPage","@id":"https:\/\/yequim.com\/nosotros\/contacto\/","url":"https:\/\/yequim.com\/nosotros\/contacto\/","name":"Contacto - productos qu\u00edmicos, reactivos anal\u00edticos, material para laboratorio y medios de cultivo.","isPartOf":{"@id":"https:\/\/yequim.com\/#website"},"datePublished":"2015-12-02T09:19:41+00:00","dateModified":"2022-02-20T00:53:11+00:00","breadcrumb":{"@id":"https:\/\/yequim.com\/nosotros\/contacto\/#breadcrumb"},"inLanguage":"en-US","potentialAction":[{"@type":"ReadAction","target":["https:\/\/yequim.com\/nosotros\/contacto\/"]}]},{"@type":"BreadcrumbList","@id":"https:\/\/yequim.com\/nosotros\/contacto\/#breadcrumb","itemListElement":[{"@type":"ListItem","position":1,"name":"Inicio","item":"https:\/\/yequim.com\/"},{"@type":"ListItem","position":2,"name":"Compa\u00f1\u00eda","item":"https:\/\/yequim.com\/nosotros\/"},{"@type":"ListItem","position":3,"name":"Contacto"}]},{"@type":"WebSite","@id":"https:\/\/yequim.com\/#website","url":"https:\/\/yequim.com\/","name":"Reactivos Qu\u00edmicos, productos qu\u00edmicos, equipo para laboratorio","description":"Yequim SAS, dedicado a la comercializaci\u00f3n de productos quimicos","publisher":{"@id":"https:\/\/yequim.com\/#organization"},"alternateName":"Yequim","potentialAction":[{"@type":"SearchAction","target":{"@type":"EntryPoint","urlTemplate":"https:\/\/yequim.com\/?s={search_term_string}"},"query-input":{"@type":"PropertyValueSpecification","valueRequired":true,"valueName":"search_term_string"}}],"inLanguage":"en-US"},{"@type":"Organization","@id":"https:\/\/yequim.com\/#organization","name":"Yequim SAS","url":"https:\/\/yequim.com\/","logo":{"@type":"ImageObject","inLanguage":"en-US","@id":"https:\/\/yequim.com\/#\/schema\/logo\/image\/","url":"https:\/\/yequim.com\/wp-content\/uploads\/2021\/12\/Logo-yequim.jpg","contentUrl":"https:\/\/yequim.com\/wp-content\/uploads\/2021\/12\/Logo-yequim.jpg","width":1600,"height":760,"caption":"Yequim SAS"},"image":{"@id":"https:\/\/yequim.com\/#\/schema\/logo\/image\/"},"sameAs":["https:\/\/www.facebook.com\/Yequim-SAS-112310417920658","https:\/\/www.instagram.com\/?hl=es-la"]}]}},"_links":{"self":[{"href":"https:\/\/yequim.com\/en\/wp-json\/wp\/v2\/pages\/300","targetHints":{"allow":["GET"]}}],"collection":[{"href":"https:\/\/yequim.com\/en\/wp-json\/wp\/v2\/pages"}],"about":[{"href":"https:\/\/yequim.com\/en\/wp-json\/wp\/v2\/types\/page"}],"author":[{"embeddable":true,"href":"https:\/\/yequim.com\/en\/wp-json\/wp\/v2\/users\/2"}],"replies":[{"embeddable":true,"href":"https:\/\/yequim.com\/en\/wp-json\/wp\/v2\/comments?post=300"}],"version-history":[{"count":0,"href":"https:\/\/yequim.com\/en\/wp-json\/wp\/v2\/pages\/300\/revisions"}],"up":[{"embeddable":true,"href":"https:\/\/yequim.com\/en\/wp-json\/wp\/v2\/pages\/6"}],"wp:attachment":[{"href":"https:\/\/yequim.com\/en\/wp-json\/wp\/v2\/media?parent=300"}],"curies":[{"name":"wp","href":"https:\/\/api.w.org\/{rel}","templated":true}]}}