{"id":312,"date":"2015-12-02T09:21:30","date_gmt":"2015-12-02T09:21:30","guid":{"rendered":"http:\/\/medical.omnicom-dev.com\/clinic\/?page_id=312"},"modified":"2021-11-18T16:51:48","modified_gmt":"2021-11-18T16:51:48","slug":"faq","status":"publish","type":"page","link":"https:\/\/yequim.com\/en\/faq\/","title":{"rendered":"FAQ"},"content":{"rendered":"<p><section id=\"bt_section69ec76005f8f4\"  class=\"boldSection btDivider topSemiSpaced bottomSemiSpaced btDarkSkin gutter inherit wBackground cover\" style=\"background-color:#0cb8b6;background-image:url('https:\/\/yequim.com\/wp-content\/uploads\/2015\/12\/bgn-grad.png');\"><div class=\"port\"><div class=\"boldCell\"><div class=\"boldCellInner\"><div class=\"boldRow\" ><div class=\"boldRowInner\"><div class=\"rowItem col-md-12 col-ms-12  btTextLeft animate animate-fadein animate-moveleft inherit\"  ><div class=\"rowItemContent\" ><div class=\"btClear btSeparator topExtraSmallSpaced noBorder\" ><hr><\/div><div class=\"btClear btSeparator topExtraSmallSpaced noBorder\" ><hr><\/div><header class=\"header btClear large  btNormalDash\" ><div class=\"btSuperTitle\">Compa\u00f1\u00eda<\/div><div class=\"dash\"><h2><span class=\"headline\">Preguntas Frecuentes<\/span><\/h2><\/div><\/header><\/div><\/div><\/div><\/div><\/div><\/div><\/div><\/section><section id=\"bt_section69ec76005fe71\"  class=\"boldSection topSpaced bottomSpaced gutter inherit\" ><div class=\"port\"><div class=\"boldCell\"><div class=\"boldCellInner\"><div class=\"boldRow\" ><div class=\"boldRowInner\"><div class=\"rowItem col-md-9 col-ms-12  btTextLeft animate animate-fadein inherit\"  ><div class=\"rowItemContent\" ><header class=\"header btClear large  btNormalDash\" ><div class=\"btSuperTitle\">Yequim s.a.s es una empresa l\u00edder en productos y equipos para laboratorio en Bogot\u00e1 y a nivel nacional.<\/div><\/header><div class=\"btClear btSeparator bottomSmallSpaced border\" ><hr><\/div><div class=\"btTabs tabsVertical\" \" data-open-first=\"\"><ul class=\"tabsHeader\"><li><span>Quienes Somos?<\/span><\/li><li><span>Cuales son nuestros productos?<\/span><\/li><li><span>Cual es nuestra experiencia?<\/span><\/li><li><span>Con qui\u00e9n trabajamos?<\/span><\/li><\/ul><div class=\"tabPanes accordionPanes\"><div class=\"tabPane\">\r\n\t\t\t<div class=\"tabAccordionTitle\"><span>Quienes Somos?<\/span><\/div>\r\n\t\t\t<div class=\"tabAccordionContent\"><\/p>\n<p>Yequim es una compa\u00f1\u00eda Colombiana con m\u00e1s de 25 a\u00f1os en el mercado, brindando y satisfaciendo oportunamente las necesidades de nuestros clientes en el suministro de reactivos anal\u00edticos, soluciones volum\u00e9tricas, equipos de medici\u00f3n, an\u00e1lisis y control de calidad, material para montajes de laboratorio, medios de cultivo, mantenimiento y soporte t\u00e9cnico, a trav\u00e9s de la producci\u00f3n, importaci\u00f3n y comercializaci\u00f3n de soluciones integrales para laboratorios de an\u00e1lisis y control de calidad en el sector industrial y educativo; soportados en el mejoramiento continuo de los procesos, la competencia del personal y el respeto por el medio ambiente.<\/p>\n<p>\n<\/div>\r\n\t\t<\/div><div class=\"tabPane\">\r\n\t\t\t<div class=\"tabAccordionTitle\"><span>Cuales son nuestros productos?<\/span><\/div>\r\n\t\t\t<div class=\"tabAccordionContent\"><\/p>\n<header class=\"header btClear small\">\n<div class=\"dash\"><\/div>\n<\/header>\n<p>Equipos e insumos para toda la industria qu\u00edmica, laboratorios de investigaci\u00f3n y sector educativo.<\/p>\n<p>Reactivos y soluciones volum\u00e9tricas: contamos con el portafolio m\u00e1s amplio en reactivos y soluciones volum\u00e9tricas del mercado, con productos nacionales e importados de marcas con representaci\u00f3n internacional como merck, sigma, fisher, entre otros.<\/p>\n<p>Insumos y consumibles: Contamos con toda clase de insumos y consumibles para la industria de la qu\u00edmica, biolog\u00eda y la investigaci\u00f3n, con productos de las marcas mas reconocidas en el mercado a nivel mundial.<\/p>\n<p>Equipos para Laboratorio: Contamos con equipos especializados para laboratorio, equipos de an\u00e1lisis, medici\u00f3n y procesos especializados en el laboratorio.<\/p>\n<p>\n<\/div>\r\n\t\t<\/div><div class=\"tabPane\">\r\n\t\t\t<div class=\"tabAccordionTitle\"><span>Cual es nuestra experiencia?<\/span><\/div>\r\n\t\t\t<div class=\"tabAccordionContent\"><\/p>\n<p><strong>M\u00c1S DE 25 A\u00d1OS EN EL MERCADO<\/strong><\/p>\n<p>A trav\u00e9s de la producci\u00f3n, importaci\u00f3n y comercializaci\u00f3n de soluciones integrales para laboratorios de an\u00e1lisis y control de calidad en los sectores industrial y educativo.<\/p>\n<p><strong>+ DE\u00a0 500 CLIENTES SATISFECHOS<\/strong><\/p>\n<p>Acompa\u00f1amiento e informaci\u00f3n constante acerca de nuestros nuevos productos, base de conocimientos, fichas t\u00e9cnicas cat\u00e1logos actualizados de todas las marcas que representamos.<\/p>\n<p><strong>+ DE 800 PRODUCTOS<\/strong><\/p>\n<p>Reactivos anal\u00edticos y Soluciones volum\u00e9tricas, Equipos de medici\u00f3n, an\u00e1lisis y control de calidad, Material para montajes de laboratorio, Medios de Cultivo, Servicio t\u00e9cnico de equipos y elementos para laboratorio<\/p>\n<p><strong>+ DE 2.000 ENV\u00cdOS A TODO EL PA\u00cdS<\/strong><\/p>\n<p>Env\u00edos de equipos y productos a todo el territorio nacional, entregamos nuestros pedidos en tiempos r\u00e9cord y protegemos tu mercanc\u00eda<\/p>\n<p>\n<\/div>\r\n\t\t<\/div><div class=\"tabPane\">\r\n\t\t\t<div class=\"tabAccordionTitle\"><span>Con qui\u00e9n trabajamos?<\/span><\/div>\r\n\t\t\t<div class=\"tabAccordionContent\"><\/p>\n<p>Yequim s.a.s trabaja con m\u00e1s de 500 de las marcas m\u00e1s reconocidas en la industria de la qu\u00edmica y la ciencia, con productos, equipos e insumos con certificaciones internacionales, cumpliendo con los m\u00e1s altos est\u00e1ndares de calidad a nivel nacional e internacional y con un respaldo y garant\u00eda de todos nuestros productos, soporte en l\u00ednea y base de conocimientos as\u00ed como fichas t\u00e9cnicas de apoyo para nuestros clientes y distribuidores en todo el pa\u00eds.<\/p>\n<p>\n<\/div>\r\n\t\t<\/div><\/div><\/div><\/div><\/div><div class=\"rowItem col-md-3 col-sm-6 col-ms-12 btTextLeft animate animate-fadein btTextIndent btHighlight inherit\"  ><div class=\"rowItemContent\" ><div class=\"bpgPhoto btTextCenter\" ><div class=\"btImage\"><img decoding=\"async\" src=\"https:\/\/yequim.com\/wp-content\/uploads\/2020\/03\/catalogo.png\" alt=\"\" title=\"\"><\/div><\/div><div class=\"btClear btSeparator bottomSmallSpaced noBorder\" ><hr><\/div><header class=\"header btClear medium  btNormalDash\" ><div class=\"btSuperTitle\">M\u00e1s Informaci\u00f3n<\/div><div class=\"dash\"><h3><span class=\"headline\">DESCARGA<\/span><\/h3><\/div><\/header><div class=\"btClear btSeparator bottomSmallSpaced noBorder\" ><hr><\/div><a href=\"#\" class=\"btBtn btBtn btnFilledStyle btnAccentColor btnSmall btnFullWidth btnRightPosition btnNoIcon\" ><span class=\"btnInnerText\">BROCHURE YEQUIM<\/span><\/a><a href=\"#\" class=\"btBtn btBtn btnOutlineStyle btnNormalColor btnSmall btnFullWidth btnRightPosition btnNoIcon\" ><span class=\"btnInnerText\">PERFIL EMPRESARIAL<\/span><\/a><a href=\"#\" class=\"btBtn btBtn btnOutlineStyle btnNormalColor btnSmall btnFullWidth btnRightPosition btnNoIcon\" ><span class=\"btnInnerText\">CAT\u00c1LOGO 2020<\/span><\/a><a href=\"#\" class=\"btBtn btBtn btnFilledStyle btnNormalColor btnSmall btnFullWidth btnRightPosition btnNoIcon\" ><span class=\"btnInnerText\">RESERVE UNA VISITA<\/span><\/a><div class=\"btClear btSeparator bottomSmallSpaced noBorder\" ><hr><\/div><\/div><\/div><\/div><\/div><\/div><\/div><\/div><\/section><\/p>","protected":false},"excerpt":{"rendered":"","protected":false},"author":2,"featured_media":0,"parent":0,"menu_order":0,"comment_status":"closed","ping_status":"closed","template":"","meta":{"_joinchat":[],"footnotes":""},"class_list":["post-312","page","type-page","status-publish","hentry"],"yoast_head":"<!-- This site is optimized with the Yoast SEO plugin v27.4 - https:\/\/yoast.com\/product\/yoast-seo-wordpress\/ -->\n<title>FAQ - productos qu\u00edmicos, reactivos anal\u00edticos, material para laboratorio y medios de cultivo.<\/title>\n<meta name=\"robots\" content=\"index, follow, max-snippet:-1, max-image-preview:large, max-video-preview:-1\" \/>\n<link rel=\"canonical\" href=\"https:\/\/yequim.com\/en\/faq\/\" \/>\n<meta property=\"og:locale\" content=\"en_US\" \/>\n<meta property=\"og:type\" content=\"article\" \/>\n<meta property=\"og:title\" content=\"FAQ - productos qu\u00edmicos, reactivos anal\u00edticos, material para laboratorio y medios de cultivo.\" \/>\n<meta property=\"og:url\" content=\"https:\/\/yequim.com\/en\/faq\/\" \/>\n<meta property=\"og:site_name\" content=\"productos qu\u00edmicos, reactivos anal\u00edticos, material para laboratorio y medios de cultivo.\" \/>\n<meta property=\"article:publisher\" content=\"https:\/\/www.facebook.com\/Yequim-SAS-112310417920658\" \/>\n<meta property=\"article:modified_time\" content=\"2021-11-18T16:51:48+00:00\" \/>\n<meta name=\"twitter:card\" content=\"summary_large_image\" \/>\n<meta name=\"twitter:label1\" content=\"Est. reading time\" \/>\n\t<meta name=\"twitter:data1\" content=\"5 minutes\" \/>\n<script type=\"application\/ld+json\" class=\"yoast-schema-graph\">{\"@context\":\"https:\\\/\\\/schema.org\",\"@graph\":[{\"@type\":\"WebPage\",\"@id\":\"https:\\\/\\\/yequim.com\\\/faq\\\/\",\"url\":\"https:\\\/\\\/yequim.com\\\/faq\\\/\",\"name\":\"FAQ - productos qu\u00edmicos, reactivos anal\u00edticos, material para laboratorio y medios de cultivo.\",\"isPartOf\":{\"@id\":\"https:\\\/\\\/yequim.com\\\/#website\"},\"datePublished\":\"2015-12-02T09:21:30+00:00\",\"dateModified\":\"2021-11-18T16:51:48+00:00\",\"breadcrumb\":{\"@id\":\"https:\\\/\\\/yequim.com\\\/faq\\\/#breadcrumb\"},\"inLanguage\":\"en-US\",\"potentialAction\":[{\"@type\":\"ReadAction\",\"target\":[\"https:\\\/\\\/yequim.com\\\/faq\\\/\"]}]},{\"@type\":\"BreadcrumbList\",\"@id\":\"https:\\\/\\\/yequim.com\\\/faq\\\/#breadcrumb\",\"itemListElement\":[{\"@type\":\"ListItem\",\"position\":1,\"name\":\"Inicio\",\"item\":\"https:\\\/\\\/yequim.com\\\/\"},{\"@type\":\"ListItem\",\"position\":2,\"name\":\"FAQ\"}]},{\"@type\":\"WebSite\",\"@id\":\"https:\\\/\\\/yequim.com\\\/#website\",\"url\":\"https:\\\/\\\/yequim.com\\\/\",\"name\":\"Reactivos Qu\u00edmicos, productos qu\u00edmicos, equipo para laboratorio\",\"description\":\"Yequim SAS, dedicado a la comercializaci\u00f3n de productos quimicos\",\"publisher\":{\"@id\":\"https:\\\/\\\/yequim.com\\\/#organization\"},\"alternateName\":\"Yequim\",\"potentialAction\":[{\"@type\":\"SearchAction\",\"target\":{\"@type\":\"EntryPoint\",\"urlTemplate\":\"https:\\\/\\\/yequim.com\\\/?s={search_term_string}\"},\"query-input\":{\"@type\":\"PropertyValueSpecification\",\"valueRequired\":true,\"valueName\":\"search_term_string\"}}],\"inLanguage\":\"en-US\"},{\"@type\":\"Organization\",\"@id\":\"https:\\\/\\\/yequim.com\\\/#organization\",\"name\":\"Yequim SAS\",\"url\":\"https:\\\/\\\/yequim.com\\\/\",\"logo\":{\"@type\":\"ImageObject\",\"inLanguage\":\"en-US\",\"@id\":\"https:\\\/\\\/yequim.com\\\/#\\\/schema\\\/logo\\\/image\\\/\",\"url\":\"https:\\\/\\\/yequim.com\\\/wp-content\\\/uploads\\\/2021\\\/12\\\/Logo-yequim.jpg\",\"contentUrl\":\"https:\\\/\\\/yequim.com\\\/wp-content\\\/uploads\\\/2021\\\/12\\\/Logo-yequim.jpg\",\"width\":1600,\"height\":760,\"caption\":\"Yequim SAS\"},\"image\":{\"@id\":\"https:\\\/\\\/yequim.com\\\/#\\\/schema\\\/logo\\\/image\\\/\"},\"sameAs\":[\"https:\\\/\\\/www.facebook.com\\\/Yequim-SAS-112310417920658\",\"https:\\\/\\\/www.instagram.com\\\/?hl=es-la\"]}]}<\/script>\n<!-- \/ Yoast SEO plugin. -->","yoast_head_json":{"title":"FAQ - productos qu\u00edmicos, reactivos anal\u00edticos, material para laboratorio y medios de cultivo.","robots":{"index":"index","follow":"follow","max-snippet":"max-snippet:-1","max-image-preview":"max-image-preview:large","max-video-preview":"max-video-preview:-1"},"canonical":"https:\/\/yequim.com\/en\/faq\/","og_locale":"en_US","og_type":"article","og_title":"FAQ - productos qu\u00edmicos, reactivos anal\u00edticos, material para laboratorio y medios de cultivo.","og_url":"https:\/\/yequim.com\/en\/faq\/","og_site_name":"productos qu\u00edmicos, reactivos anal\u00edticos, material para laboratorio y medios de cultivo.","article_publisher":"https:\/\/www.facebook.com\/Yequim-SAS-112310417920658","article_modified_time":"2021-11-18T16:51:48+00:00","twitter_card":"summary_large_image","twitter_misc":{"Est. reading time":"5 minutes"},"schema":{"@context":"https:\/\/schema.org","@graph":[{"@type":"WebPage","@id":"https:\/\/yequim.com\/faq\/","url":"https:\/\/yequim.com\/faq\/","name":"FAQ - productos qu\u00edmicos, reactivos anal\u00edticos, material para laboratorio y medios de cultivo.","isPartOf":{"@id":"https:\/\/yequim.com\/#website"},"datePublished":"2015-12-02T09:21:30+00:00","dateModified":"2021-11-18T16:51:48+00:00","breadcrumb":{"@id":"https:\/\/yequim.com\/faq\/#breadcrumb"},"inLanguage":"en-US","potentialAction":[{"@type":"ReadAction","target":["https:\/\/yequim.com\/faq\/"]}]},{"@type":"BreadcrumbList","@id":"https:\/\/yequim.com\/faq\/#breadcrumb","itemListElement":[{"@type":"ListItem","position":1,"name":"Inicio","item":"https:\/\/yequim.com\/"},{"@type":"ListItem","position":2,"name":"FAQ"}]},{"@type":"WebSite","@id":"https:\/\/yequim.com\/#website","url":"https:\/\/yequim.com\/","name":"Reactivos Qu\u00edmicos, productos qu\u00edmicos, equipo para laboratorio","description":"Yequim SAS, dedicado a la comercializaci\u00f3n de productos quimicos","publisher":{"@id":"https:\/\/yequim.com\/#organization"},"alternateName":"Yequim","potentialAction":[{"@type":"SearchAction","target":{"@type":"EntryPoint","urlTemplate":"https:\/\/yequim.com\/?s={search_term_string}"},"query-input":{"@type":"PropertyValueSpecification","valueRequired":true,"valueName":"search_term_string"}}],"inLanguage":"en-US"},{"@type":"Organization","@id":"https:\/\/yequim.com\/#organization","name":"Yequim SAS","url":"https:\/\/yequim.com\/","logo":{"@type":"ImageObject","inLanguage":"en-US","@id":"https:\/\/yequim.com\/#\/schema\/logo\/image\/","url":"https:\/\/yequim.com\/wp-content\/uploads\/2021\/12\/Logo-yequim.jpg","contentUrl":"https:\/\/yequim.com\/wp-content\/uploads\/2021\/12\/Logo-yequim.jpg","width":1600,"height":760,"caption":"Yequim SAS"},"image":{"@id":"https:\/\/yequim.com\/#\/schema\/logo\/image\/"},"sameAs":["https:\/\/www.facebook.com\/Yequim-SAS-112310417920658","https:\/\/www.instagram.com\/?hl=es-la"]}]}},"_links":{"self":[{"href":"https:\/\/yequim.com\/en\/wp-json\/wp\/v2\/pages\/312","targetHints":{"allow":["GET"]}}],"collection":[{"href":"https:\/\/yequim.com\/en\/wp-json\/wp\/v2\/pages"}],"about":[{"href":"https:\/\/yequim.com\/en\/wp-json\/wp\/v2\/types\/page"}],"author":[{"embeddable":true,"href":"https:\/\/yequim.com\/en\/wp-json\/wp\/v2\/users\/2"}],"replies":[{"embeddable":true,"href":"https:\/\/yequim.com\/en\/wp-json\/wp\/v2\/comments?post=312"}],"version-history":[{"count":0,"href":"https:\/\/yequim.com\/en\/wp-json\/wp\/v2\/pages\/312\/revisions"}],"wp:attachment":[{"href":"https:\/\/yequim.com\/en\/wp-json\/wp\/v2\/media?parent=312"}],"curies":[{"name":"wp","href":"https:\/\/api.w.org\/{rel}","templated":true}]}}